{"id":7366,"date":"2025-12-29T11:27:07","date_gmt":"2025-12-29T14:27:07","guid":{"rendered":"https:\/\/www.armada.mil.uy\/?page_id=7366"},"modified":"2025-12-29T12:08:45","modified_gmt":"2025-12-29T15:08:45","slug":"coordinador-del-area-maritima-del-atlantico-sur","status":"publish","type":"page","link":"https:\/\/www.armada.mil.uy\/?page_id=7366","title":{"rendered":"CAMAS"},"content":{"rendered":"\t\t<div data-elementor-type=\"wp-page\" data-elementor-id=\"7366\" class=\"elementor elementor-7366\">\n\t\t\t\t\t\t<section class=\"elementor-section elementor-top-section elementor-element elementor-element-e1dd29d elementor-section-boxed elementor-section-height-default elementor-section-height-default\" data-id=\"e1dd29d\" data-element_type=\"section\">\n\t\t\t\t\t\t<div class=\"elementor-container elementor-column-gap-default\">\n\t\t\t\t\t<div class=\"elementor-column elementor-col-50 elementor-top-column elementor-element elementor-element-72ce8f4\" data-id=\"72ce8f4\" data-element_type=\"column\">\n\t\t\t<div class=\"elementor-widget-wrap elementor-element-populated\">\n\t\t\t\t\t\t<div class=\"elementor-element elementor-element-a673ea2 elementor-widget elementor-widget-heading\" data-id=\"a673ea2\" data-element_type=\"widget\" data-widget_type=\"heading.default\">\n\t\t\t\t<div class=\"elementor-widget-container\">\n\t\t\t<style>\/*! elementor - v3.21.0 - 30-04-2024 *\/\n.elementor-heading-title{padding:0;margin:0;line-height:1}.elementor-widget-heading .elementor-heading-title[class*=elementor-size-]>a{color:inherit;font-size:inherit;line-height:inherit}.elementor-widget-heading .elementor-heading-title.elementor-size-small{font-size:15px}.elementor-widget-heading .elementor-heading-title.elementor-size-medium{font-size:19px}.elementor-widget-heading .elementor-heading-title.elementor-size-large{font-size:29px}.elementor-widget-heading .elementor-heading-title.elementor-size-xl{font-size:39px}.elementor-widget-heading .elementor-heading-title.elementor-size-xxl{font-size:59px}<\/style><h2 class=\"elementor-heading-title elementor-size-default\">Coordinador del \u00c1rea Mar\u00edtima del Atl\u00e1ntico Sur (CAMAS)<\/h2>\t\t<\/div>\n\t\t\t\t<\/div>\n\t\t\t\t<div class=\"elementor-element elementor-element-0e6a467 elementor-widget elementor-widget-text-editor\" data-id=\"0e6a467\" data-element_type=\"widget\" data-widget_type=\"text-editor.default\">\n\t\t\t\t<div class=\"elementor-widget-container\">\n\t\t\t<style>\/*! elementor - v3.21.0 - 30-04-2024 *\/\n.elementor-widget-text-editor.elementor-drop-cap-view-stacked .elementor-drop-cap{background-color:#69727d;color:#fff}.elementor-widget-text-editor.elementor-drop-cap-view-framed .elementor-drop-cap{color:#69727d;border:3px solid;background-color:transparent}.elementor-widget-text-editor:not(.elementor-drop-cap-view-default) .elementor-drop-cap{margin-top:8px}.elementor-widget-text-editor:not(.elementor-drop-cap-view-default) .elementor-drop-cap-letter{width:1em;height:1em}.elementor-widget-text-editor .elementor-drop-cap{float:left;text-align:center;line-height:1;font-size:50px}.elementor-widget-text-editor .elementor-drop-cap-letter{display:inline-block}<\/style>\t\t\t\t<p class=\"gmandos\">Desde el punto de vista social, econ\u00f3mico y ambiental, los oc\u00e9anos, mares y v\u00edas fluviales son de gran importancia para las naciones, ya que son medios de comunicaci\u00f3n, intercambio comercial y extracci\u00f3n de recursos.<\/p>\t\t\t\t\t\t<\/div>\n\t\t\t\t<\/div>\n\t\t\t\t<div class=\"elementor-element elementor-element-68ecff3 elementor-widget elementor-widget-text-editor\" data-id=\"68ecff3\" data-element_type=\"widget\" data-widget_type=\"text-editor.default\">\n\t\t\t\t<div class=\"elementor-widget-container\">\n\t\t\t\t\t\t\t<p class=\"gmandos\">En el \u00c1rea Mar\u00edtima del Atl\u00e1ntico Sur (AMAS), la presencia de voluminosos recursos naturales y la existencia de l\u00edneas de comunicaciones mar\u00edtimas, permiten el transporte de la mayor parte de las mercanc\u00edas comercializadas por Argentina, Brasil, Uruguay y Paraguay, exige a estos pa\u00edses que adopten medidas para garantizar la seguridad mar\u00edtima y fluviales en sus aguas jurisdiccionales.<\/p>\t\t\t\t\t\t<\/div>\n\t\t\t\t<\/div>\n\t\t\t\t<div class=\"elementor-element elementor-element-66cfb69 elementor-widget elementor-widget-text-editor\" data-id=\"66cfb69\" data-element_type=\"widget\" data-widget_type=\"text-editor.default\">\n\t\t\t\t<div class=\"elementor-widget-container\">\n\t\t\t\t\t\t\t<p class=\"gmandos\">En este contexto, con el fin de contribuir a la seguridad del tr\u00e1fico mar\u00edtimo en el continente americano, desde 1967 se estableci\u00f3 una organizaci\u00f3n coordinadora para el \u00c1rea Mar\u00edtima del Atl\u00e1ntico Sur: CAMAS. Esta importante Organizaci\u00f3n tiene la misi\u00f3n de coordinar las acciones inherentes a la direcci\u00f3n, vigilancia y defensa del comercio mar\u00edtimo y fluvial, pesquero y otras actividades desarrolladas en las aguas de inter\u00e9s de los pa\u00edses que componen el AMAS.<\/p>\t\t\t\t\t\t<\/div>\n\t\t\t\t<\/div>\n\t\t\t\t\t<\/div>\n\t\t<\/div>\n\t\t\t\t<div class=\"elementor-column elementor-col-50 elementor-top-column elementor-element elementor-element-bef0398\" data-id=\"bef0398\" data-element_type=\"column\">\n\t\t\t<div class=\"elementor-widget-wrap elementor-element-populated\">\n\t\t\t\t\t\t<div class=\"elementor-element elementor-element-b5e8c8d elementor-widget__width-initial elementor-widget elementor-widget-image\" data-id=\"b5e8c8d\" data-element_type=\"widget\" data-widget_type=\"image.default\">\n\t\t\t\t<div class=\"elementor-widget-container\">\n\t\t\t<style>\/*! elementor - v3.21.0 - 30-04-2024 *\/\n.elementor-widget-image{text-align:center}.elementor-widget-image a{display:inline-block}.elementor-widget-image a img[src$=\".svg\"]{width:48px}.elementor-widget-image img{vertical-align:middle;display:inline-block}<\/style>\t\t\t\t\t\t\t\t\t\t<img fetchpriority=\"high\" decoding=\"async\" width=\"300\" height=\"292\" src=\"https:\/\/www.armada.mil.uy\/wp-content\/uploads\/2025\/12\/Escudo_CAMAS-300x292.png\" class=\"attachment-medium size-medium wp-image-7368\" alt=\"\" srcset=\"https:\/\/www.armada.mil.uy\/wp-content\/uploads\/2025\/12\/Escudo_CAMAS-300x292.png 300w, https:\/\/www.armada.mil.uy\/wp-content\/uploads\/2025\/12\/Escudo_CAMAS-1024x998.png 1024w, https:\/\/www.armada.mil.uy\/wp-content\/uploads\/2025\/12\/Escudo_CAMAS-768x748.png 768w, https:\/\/www.armada.mil.uy\/wp-content\/uploads\/2025\/12\/Escudo_CAMAS-1536x1497.png 1536w, https:\/\/www.armada.mil.uy\/wp-content\/uploads\/2025\/12\/Escudo_CAMAS-600x585.png 600w, https:\/\/www.armada.mil.uy\/wp-content\/uploads\/2025\/12\/Escudo_CAMAS-560x546.png 560w, https:\/\/www.armada.mil.uy\/wp-content\/uploads\/2025\/12\/Escudo_CAMAS.png 1732w\" sizes=\"(max-width: 300px) 100vw, 300px\" \/>\t\t\t\t\t\t\t\t\t\t\t\t\t<\/div>\n\t\t\t\t<\/div>\n\t\t\t\t<div class=\"elementor-element elementor-element-0dbf02d elementor-widget elementor-widget-text-editor\" data-id=\"0dbf02d\" data-element_type=\"widget\" data-widget_type=\"text-editor.default\">\n\t\t\t\t<div class=\"elementor-widget-container\">\n\t\t\t\t\t\t\t<p class=\"gmandos\">El CAMAS es una organizaci\u00f3n permanente con sede rotativa, ocupado por un Oficial Almirante, cuatro asesores de los pa\u00edses miembros y por los Comandantes Locales de Control Operativo (COLCO), adem\u00e1s de un Jefe de Operaciones\/Secretar\u00eda.<\/p>\t\t\t\t\t\t<\/div>\n\t\t\t\t<\/div>\n\t\t\t\t<div class=\"elementor-element elementor-element-eddad16 elementor-widget elementor-widget-text-editor\" data-id=\"eddad16\" data-element_type=\"widget\" data-widget_type=\"text-editor.default\">\n\t\t\t\t<div class=\"elementor-widget-container\">\n\t\t\t\t\t\t\t<p class=\"gmandos\">Para obtener informaci\u00f3n m\u00e1s detallada, visite el sitio web de CAMAS: <a href=\"https:\/\/www.coamas.org\" target=\"_blank\" rel=\"noopener\">www.coamas.org<\/a><\/p>\t\t\t\t\t\t<\/div>\n\t\t\t\t<\/div>\n\t\t\t\t\t<\/div>\n\t\t<\/div>\n\t\t\t\t\t<\/div>\n\t\t<\/section>\n\t\t\t\t<section class=\"elementor-section elementor-top-section elementor-element elementor-element-690a16a elementor-section-boxed elementor-section-height-default elementor-section-height-default\" data-id=\"690a16a\" data-element_type=\"section\">\n\t\t\t\t\t\t<div class=\"elementor-container elementor-column-gap-default\">\n\t\t\t\t\t<div class=\"elementor-column elementor-col-100 elementor-top-column elementor-element elementor-element-d61a924\" data-id=\"d61a924\" data-element_type=\"column\">\n\t\t\t<div class=\"elementor-widget-wrap elementor-element-populated\">\n\t\t\t\t\t\t<div class=\"elementor-element elementor-element-2e7422e elementor-widget elementor-widget-spacer\" data-id=\"2e7422e\" data-element_type=\"widget\" data-widget_type=\"spacer.default\">\n\t\t\t\t<div class=\"elementor-widget-container\">\n\t\t\t<style>\/*! elementor - v3.21.0 - 30-04-2024 *\/\n.elementor-column .elementor-spacer-inner{height:var(--spacer-size)}.e-con{--container-widget-width:100%}.e-con-inner>.elementor-widget-spacer,.e-con>.elementor-widget-spacer{width:var(--container-widget-width,var(--spacer-size));--align-self:var(--container-widget-align-self,initial);--flex-shrink:0}.e-con-inner>.elementor-widget-spacer>.elementor-widget-container,.e-con>.elementor-widget-spacer>.elementor-widget-container{height:100%;width:100%}.e-con-inner>.elementor-widget-spacer>.elementor-widget-container>.elementor-spacer,.e-con>.elementor-widget-spacer>.elementor-widget-container>.elementor-spacer{height:100%}.e-con-inner>.elementor-widget-spacer>.elementor-widget-container>.elementor-spacer>.elementor-spacer-inner,.e-con>.elementor-widget-spacer>.elementor-widget-container>.elementor-spacer>.elementor-spacer-inner{height:var(--container-widget-height,var(--spacer-size))}.e-con-inner>.elementor-widget-spacer.elementor-widget-empty,.e-con>.elementor-widget-spacer.elementor-widget-empty{position:relative;min-height:22px;min-width:22px}.e-con-inner>.elementor-widget-spacer.elementor-widget-empty .elementor-widget-empty-icon,.e-con>.elementor-widget-spacer.elementor-widget-empty .elementor-widget-empty-icon{position:absolute;top:0;bottom:0;left:0;right:0;margin:auto;padding:0;width:22px;height:22px}<\/style>\t\t<div class=\"elementor-spacer\">\n\t\t\t<div class=\"elementor-spacer-inner\"><\/div>\n\t\t<\/div>\n\t\t\t\t<\/div>\n\t\t\t\t<\/div>\n\t\t\t\t\t<\/div>\n\t\t<\/div>\n\t\t\t\t\t<\/div>\n\t\t<\/section>\n\t\t\t\t<\/div>\n\t\t","protected":false},"excerpt":{"rendered":"<p>Coordinador del \u00c1rea Mar\u00edtima del Atl\u00e1ntico Sur (CAMAS) Desde el punto de vista social, econ\u00f3mico y ambiental, los oc\u00e9anos, mares y v\u00edas fluviales son de gran importancia para las naciones, ya que son medios de comunicaci\u00f3n, intercambio comercial y extracci\u00f3n de recursos. En el \u00c1rea Mar\u00edtima del Atl\u00e1ntico Sur (AMAS), la presencia de voluminosos recursos [&hellip;]<\/p>\n","protected":false},"author":1,"featured_media":7372,"parent":0,"menu_order":0,"comment_status":"closed","ping_status":"closed","template":"elementor_header_footer","meta":{"footnotes":""},"folder":[],"class_list":["post-7366","page","type-page","status-publish","has-post-thumbnail","hentry"],"aioseo_notices":[],"_links":{"self":[{"href":"https:\/\/www.armada.mil.uy\/index.php?rest_route=\/wp\/v2\/pages\/7366","targetHints":{"allow":["GET"]}}],"collection":[{"href":"https:\/\/www.armada.mil.uy\/index.php?rest_route=\/wp\/v2\/pages"}],"about":[{"href":"https:\/\/www.armada.mil.uy\/index.php?rest_route=\/wp\/v2\/types\/page"}],"author":[{"embeddable":true,"href":"https:\/\/www.armada.mil.uy\/index.php?rest_route=\/wp\/v2\/users\/1"}],"replies":[{"embeddable":true,"href":"https:\/\/www.armada.mil.uy\/index.php?rest_route=%2Fwp%2Fv2%2Fcomments&post=7366"}],"version-history":[{"count":16,"href":"https:\/\/www.armada.mil.uy\/index.php?rest_route=\/wp\/v2\/pages\/7366\/revisions"}],"predecessor-version":[{"id":7388,"href":"https:\/\/www.armada.mil.uy\/index.php?rest_route=\/wp\/v2\/pages\/7366\/revisions\/7388"}],"wp:featuredmedia":[{"embeddable":true,"href":"https:\/\/www.armada.mil.uy\/index.php?rest_route=\/wp\/v2\/media\/7372"}],"wp:attachment":[{"href":"https:\/\/www.armada.mil.uy\/index.php?rest_route=%2Fwp%2Fv2%2Fmedia&parent=7366"}],"wp:term":[{"taxonomy":"folder","embeddable":true,"href":"https:\/\/www.armada.mil.uy\/index.php?rest_route=%2Fwp%2Fv2%2Ffolder&post=7366"}],"curies":[{"name":"wp","href":"https:\/\/api.w.org\/{rel}","templated":true}]}}