{"id":6771,"date":"2025-11-12T19:20:17","date_gmt":"2025-11-12T19:20:17","guid":{"rendered":"http:\/\/www.armada.mil.uy\/wordpress\/?page_id=6771"},"modified":"2026-05-01T13:23:29","modified_gmt":"2026-05-01T16:23:29","slug":"dimar-situacion-de-puertos","status":"publish","type":"page","link":"https:\/\/www.armada.mil.uy\/?page_id=6771","title":{"rendered":"DIMAR &#8211; Situaci\u00f3n de Puertos"},"content":{"rendered":"\t\t<div data-elementor-type=\"wp-page\" data-elementor-id=\"6771\" class=\"elementor elementor-6771\">\n\t\t\t\t\t\t<section class=\"elementor-section elementor-top-section elementor-element elementor-element-e1dd29d elementor-section-boxed elementor-section-height-default elementor-section-height-default\" data-id=\"e1dd29d\" data-element_type=\"section\">\n\t\t\t\t\t\t\t<div class=\"elementor-background-overlay\"><\/div>\n\t\t\t\t\t\t\t<div class=\"elementor-container elementor-column-gap-default\">\n\t\t\t\t\t<div class=\"elementor-column elementor-col-100 elementor-top-column elementor-element elementor-element-72ce8f4\" data-id=\"72ce8f4\" data-element_type=\"column\">\n\t\t\t<div class=\"elementor-widget-wrap elementor-element-populated\">\n\t\t\t\t\t\t<div class=\"elementor-element elementor-element-a673ea2 elementor-widget elementor-widget-heading\" data-id=\"a673ea2\" data-element_type=\"widget\" data-widget_type=\"heading.default\">\n\t\t\t\t<div class=\"elementor-widget-container\">\n\t\t\t<style>\/*! elementor - v3.21.0 - 30-04-2024 *\/\n.elementor-heading-title{padding:0;margin:0;line-height:1}.elementor-widget-heading .elementor-heading-title[class*=elementor-size-]>a{color:inherit;font-size:inherit;line-height:inherit}.elementor-widget-heading .elementor-heading-title.elementor-size-small{font-size:15px}.elementor-widget-heading .elementor-heading-title.elementor-size-medium{font-size:19px}.elementor-widget-heading .elementor-heading-title.elementor-size-large{font-size:29px}.elementor-widget-heading .elementor-heading-title.elementor-size-xl{font-size:39px}.elementor-widget-heading .elementor-heading-title.elementor-size-xxl{font-size:59px}<\/style><h2 class=\"elementor-heading-title elementor-size-default\">DIMAR - Situaci\u00f3n de Puertos\n<\/h2>\t\t<\/div>\n\t\t\t\t<\/div>\n\t\t\t\t<div class=\"elementor-element elementor-element-0bbabba elementor-widget elementor-widget-text-editor\" data-id=\"0bbabba\" data-element_type=\"widget\" data-widget_type=\"text-editor.default\">\n\t\t\t\t<div class=\"elementor-widget-container\">\n\t\t\t<style>\/*! elementor - v3.21.0 - 30-04-2024 *\/\n.elementor-widget-text-editor.elementor-drop-cap-view-stacked .elementor-drop-cap{background-color:#69727d;color:#fff}.elementor-widget-text-editor.elementor-drop-cap-view-framed .elementor-drop-cap{color:#69727d;border:3px solid;background-color:transparent}.elementor-widget-text-editor:not(.elementor-drop-cap-view-default) .elementor-drop-cap{margin-top:8px}.elementor-widget-text-editor:not(.elementor-drop-cap-view-default) .elementor-drop-cap-letter{width:1em;height:1em}.elementor-widget-text-editor .elementor-drop-cap{float:left;text-align:center;line-height:1;font-size:50px}.elementor-widget-text-editor .elementor-drop-cap-letter{display:inline-block}<\/style>\t\t\t\t<table style=\"width: 725px; height: 890px; margin: auto;\" border=\"0\" cellspacing=\"0\">\n<tbody>\n<tr style=\"height: 21px;\">\n<td style=\"border: 1px solid #000000; width: 332px; height: 21px;\" align=\"left\"><span style=\"color: #000000; font-family: Arial; font-size: medium;\">PUERTO<\/span><\/td>\n<td style=\"border: 1px solid #000000; width: 10px; height: 21px;\" align=\"center\" bgcolor=\"#FFFFFF\"><span style=\"font-family: Arial; font-size: medium;\">SITUACI\u00d3N<\/span><\/td>\n<td style=\"border: 1px solid #000000; width: 525px; height: 21px;\" align=\"center\" bgcolor=\"#FFFFFF\"><b><span style=\"color: #000000; font-family: Arial; font-size: medium;\">OBS<\/span><\/b><\/td>\n<td style=\"border: 1px solid #000000; width: 306.333px; height: 21px;\" align=\"center\" bgcolor=\"#FFFFFF\"><b><span style=\"color: #000000; font-family: Arial; font-size: medium;\">GFH<\/span><\/b><\/td>\n<\/tr>\n<tr style=\"height: 18px;\">\n<td style=\"border: 1px solid #000000; width: 332px; height: 18px;\" align=\"left\"><span style=\"color: #000000; font-family: Arial;\">SALTO<\/span><\/td>\n<td style=\"border: 1px solid #000000; width: 10px; height: 18px;\" align=\"center\">ABIERTO<\/td>\n<td style=\"border: 1px solid #000000; width: 525px; height: 18px;\" align=\"center\">&nbsp;<\/td>\n<td style=\"border: 1px solid #000000; width: 306.333px; height: 18px;\" align=\"center\">&nbsp;<\/td>\n<\/tr>\n<tr style=\"height: 18px;\">\n<td style=\"border: 1px solid #000000; width: 332px; height: 18px;\" align=\"left\"><span style=\"font-family: Arial;\">PAYSAND\u00da<\/span><\/td>\n<td style=\"border: 1px solid #000000; width: 10px; height: 18px;\" align=\"center\"><span style=\"color: #000000; font-family: Arial;\">ABIERTO<\/span><\/td>\n<td style=\"border: 1px solid #000000; width: 525px; height: 18px;\" align=\"center\">&nbsp;<\/td>\n<td style=\"border: 1px solid #000000; width: 306.333px; height: 18px;\" align=\"center\">&nbsp;<\/td>\n<\/tr>\n<tr style=\"height: 18px;\">\n<td style=\"border: 1px solid #000000; width: 332px; height: 18px;\" align=\"left\"><span style=\"color: #000000; font-family: Arial;\">BELLA UNI\u00d3N<\/span><\/td>\n<td style=\"border: 1px solid #000000; width: 10px; height: 18px;\" align=\"center\">ABIERTO<\/td>\n<td style=\"border: 1px solid #000000; width: 525px; height: 18px;\" align=\"center\">&nbsp;<\/td>\n<td style=\"border: 1px solid #000000; width: 306.333px; height: 18px;\" align=\"center\">&nbsp;<\/td>\n<\/tr>\n<tr style=\"height: 18px;\">\n<td style=\"border: 1px solid #000000; width: 332px; height: 18px;\" align=\"left\"><span style=\"color: #000000; font-family: Arial;\">FRAY BENTOS<\/span><\/td>\n<td style=\"border: 1px solid #000000; width: 10px; height: 18px;\" align=\"center\"><span style=\"color: #000000; font-family: Arial;\">ABIERTO<\/span><\/td>\n<td style=\"border: 1px solid #000000; width: 525px; height: 18px;\" align=\"center\">&nbsp;<\/td>\n<td style=\"border: 1px solid #000000; width: 306.333px; height: 18px;\" align=\"center\">&nbsp;<\/td>\n<\/tr>\n<tr style=\"height: 18px;\">\n<td style=\"border: 1px solid #000000; width: 332px; height: 18px;\" align=\"left\"><span style=\"color: #000000; font-family: Arial;\">DEP FRAY BENTOS<\/span><\/td>\n<td style=\"border: 1px solid #000000; width: 10px; height: 18px;\" align=\"center\"><span style=\"color: #000000; font-family: Arial;\">ABIERTO<\/span><\/td>\n<td style=\"border: 1px solid #000000; width: 525px; height: 18px;\" align=\"center\">&nbsp;<\/td>\n<td style=\"border: 1px solid #000000; width: 306.333px; height: 18px;\" align=\"center\">&nbsp;<\/td>\n<\/tr>\n<tr style=\"height: 18px;\">\n<td style=\"border: 1px solid #000000; width: 332px; height: 18px;\" align=\"left\"><span style=\"color: #000000; font-family: Arial;\">DEP NUEVO BERL\u00cdN<\/span><\/td>\n<td style=\"border: 1px solid #000000; width: 10px; height: 18px;\" align=\"center\"><span style=\"color: #000000; font-family: Arial;\">ABIERTO<\/span><\/td>\n<td style=\"border: 1px solid #000000; width: 525px; height: 18px;\" align=\"center\">&nbsp;<\/td>\n<td style=\"border: 1px solid #000000; width: 306.333px; height: 18px;\" align=\"center\">&nbsp;<\/td>\n<\/tr>\n<tr style=\"height: 18px;\">\n<td style=\"border: 1px solid #000000; width: 332px; height: 18px;\" align=\"left\"><span style=\"color: #000000; font-family: Arial;\">DEP SAN JAVIER<\/span><\/td>\n<td style=\"border: 1px solid #000000; width: 10px; height: 18px;\" align=\"center\"><span style=\"color: #000000; font-family: Arial;\">ABIERTO<\/span><\/td>\n<td style=\"border: 1px solid #000000; width: 525px; height: 18px;\" align=\"center\">&nbsp;<\/td>\n<td style=\"border: 1px solid #000000; width: 306.333px; height: 18px;\" align=\"center\">&nbsp;<\/td>\n<\/tr>\n<tr style=\"height: 18px;\">\n<td style=\"border: 1px solid #000000; width: 332px; height: 18px;\" align=\"left\"><span style=\"color: #000000; font-family: Arial;\">LAS CA\u00d1AS<\/span><\/td>\n<td style=\"border: 1px solid #000000; width: 10px; height: 18px;\" align=\"center\"><span style=\"color: #000000; font-family: Arial;\">ABIERTO<\/span><\/td>\n<td style=\"border: 1px solid #000000; width: 525px; height: 18px;\" align=\"center\">&nbsp;<\/td>\n<td style=\"border: 1px solid #000000; width: 306.333px; height: 18px;\" align=\"center\">&nbsp;<\/td>\n<\/tr>\n<tr style=\"height: 19px;\">\n<td style=\"border: 1px solid #000000; width: 332px; height: 19px;\" align=\"left\"><span style=\"color: #000000; font-family: Arial;\">NUEVA PALMIRA<\/span><\/td>\n<td style=\"border: 1px solid #000000; width: 10px; height: 19px;\" align=\"center\"><span style=\"color: #000000; font-family: Arial;\">ABIERTO<\/span><\/td>\n<td style=\"border: 1px solid #000000; width: 525px; height: 19px;\" align=\"center\">&nbsp;<\/td>\n<td style=\"border: 1px solid #000000; width: 306.333px; height: 19px;\" align=\"center\">&nbsp;<\/td>\n<\/tr>\n<tr style=\"height: 23px;\">\n<td style=\"border: 1px solid #000000; width: 332px; height: 23px;\" align=\"left\"><span style=\"color: #000000; font-family: Arial;\">DEP. NUEVA PALMIRA<\/span><\/td>\n<td style=\"border: 1px solid #000000; width: 10px; height: 23px;\" align=\"center\"><span style=\"color: #000000; font-family: Arial;\">ABIERTO<\/span><\/td>\n<td style=\"border: 1px solid #000000; width: 525px; height: 23px;\" align=\"center\">&nbsp;<\/td>\n<td style=\"border: 1px solid #000000; width: 306.333px; height: 23px;\" align=\"center\">&nbsp;<\/td>\n<\/tr>\n<tr style=\"height: 3px;\">\n<td style=\"border: 1px solid #000000; width: 332px; height: 3px;\" align=\"left\"><span style=\"color: #000000; font-family: Arial;\">CARMELO<\/span><\/td>\n<td style=\"border: 1px solid #000000; width: 10px; height: 3px;\" align=\"center\">ABIERTO<\/td>\n<td style=\"border: 1px solid #000000; width: 525px; height: 3px;\" align=\"center\">&nbsp;<\/td>\n<td style=\"border: 1px solid #000000; width: 306.333px; height: 3px;\" align=\"center\">&nbsp;<\/td>\n<\/tr>\n<tr style=\"height: 20px;\">\n<td style=\"border: 1px solid #000000; width: 332px; height: 20px;\" align=\"left\"><span style=\"color: #000000; font-family: Arial;\">CAMACHO<\/span><\/td>\n<td style=\"border: 1px solid #000000; width: 10px; height: 20px;\" align=\"center\">ABIERTO<\/td>\n<td style=\"border: 1px solid #000000; width: 525px; height: 20px;\" align=\"center\">&nbsp;<\/td>\n<td style=\"border: 1px solid #000000; width: 306.333px; height: 20px;\" align=\"center\">&nbsp;<\/td>\n<\/tr>\n<tr style=\"height: 1px;\">\n<td style=\"border: 1px solid #000000; width: 332px; height: 1px;\" align=\"left\">CONCHILLAS<\/td>\n<td style=\"border: 1px solid #000000; width: 10px; height: 1px;\" align=\"center\">ABIERTO<\/td>\n<td style=\"border: 1px solid #000000; width: 525px; height: 1px;\" align=\"center\"><br><\/td>\n<td style=\"border: 1px solid #000000; width: 306.333px; height: 1px;\" align=\"center\">291900P ABR 26<\/td>\n<\/tr>\n<tr style=\"height: 18px;\">\n<td style=\"border: 1px solid #000000; width: 332px; height: 18px;\" align=\"left\"><span style=\"color: #000000; font-family: Arial;\">BUENA VISTA<\/span><\/td>\n<td style=\"border: 1px solid #000000; width: 10px; height: 18px;\" align=\"center\">ABIERTO<\/td>\n<td style=\"border: 1px solid #000000; width: 525px; height: 18px;\" align=\"center\">&nbsp;<\/td>\n<td style=\"border: 1px solid #000000; width: 306.333px; height: 18px;\" align=\"center\">&nbsp;<\/td>\n<\/tr>\n<tr style=\"height: 27px;\">\n<td style=\"border: 1px solid #000000; width: 332px; height: 27px;\" align=\"left\"><span style=\"color: #000000; font-family: Arial;\">COMERCIAL COLONIA<br><\/span><\/td>\n<td style=\"border: 1px solid #000000; width: 10px; height: 27px;\" align=\"center\"><span style=\"color: #000000; font-family: Arial;\">ABIERTO<\/span><\/td>\n<td style=\"border: 1px solid #000000; width: 525px; height: 27px;\" align=\"center\">&nbsp;<\/td>\n<td style=\"border: 1px solid #000000; width: 306.333px; height: 27px;\" align=\"center\">&nbsp;<\/td>\n<\/tr>\n<tr style=\"height: 15px;\">\n<td style=\"border: 1px solid #000000; width: 332px; height: 15px;\" align=\"left\"><span style=\"color: #000000; font-family: Arial;\">DEP COLONIA<\/span><\/td>\n<td style=\"border: 1px solid #000000; width: 10px; height: 15px;\" align=\"center\">&nbsp;ABIERTO<\/td>\n<td style=\"border: 1px solid #000000; width: 525px; height: 15px;\" align=\"center\">&nbsp;<\/td>\n<td style=\"border: 1px solid #000000; width: 306.333px; height: 15px;\" align=\"center\">&nbsp;<\/td>\n<\/tr>\n<tr style=\"height: 20px;\">\n<td style=\"border: 1px solid #000000; width: 332px; height: 20px;\" align=\"left\">&nbsp;RIACHUELO<\/td>\n<td style=\"border: 1px solid #000000; width: 10px; height: 20px;\" align=\"center\">&nbsp;ABIERTO<\/td>\n<td style=\"border: 1px solid #000000; width: 525px; height: 20px;\" align=\"center\">&nbsp;<\/td>\n<td style=\"border: 1px solid #000000; width: 306.333px; height: 20px;\" align=\"center\">&nbsp;<\/td>\n<\/tr>\n<tr style=\"height: 19px;\">\n<td style=\"border: 1px solid #000000; width: 332px; height: 19px;\" align=\"left\"><span style=\"color: #000000; font-family: Arial;\">SAN JUAN<\/span><\/td>\n<td style=\"border: 1px solid #000000; width: 10px; height: 19px;\" align=\"center\"><span style=\"color: #000000; font-family: Arial;\">ABIERTO<\/span><\/td>\n<td style=\"border: 1px solid #000000; width: 525px; height: 19px;\" align=\"center\">&nbsp;<\/td>\n<td style=\"border: 1px solid #000000; width: 306.333px; height: 19px;\" align=\"center\">&nbsp;<\/td>\n<\/tr>\n<tr style=\"height: 17px;\">\n<td style=\"border: 1px solid #000000; width: 332px; height: 17px;\" align=\"left\"><span style=\"color: #000000; font-family: Arial;\">DEP SAUCE<br><\/span><\/td>\n<td style=\"border: 1px solid #000000; width: 10px; height: 17px;\" align=\"center\">ABIERTO<\/td>\n<td style=\"border: 1px solid #000000; width: 525px; height: 17px;\" align=\"center\">&nbsp;<\/td>\n<td style=\"border: 1px solid #000000; width: 306.333px; height: 17px;\" align=\"center\">&nbsp;<\/td>\n<\/tr>\n<tr style=\"height: 13px;\">\n<td style=\"border: 1px solid #000000; width: 332px; height: 13px;\" align=\"left\"><span style=\"color: #000000; font-family: Arial;\">JUAN LACAZE<\/span><\/td>\n<td style=\"border: 1px solid #000000; width: 10px; height: 13px;\" align=\"center\">ABIERTO<\/td>\n<td style=\"border: 1px solid #000000; width: 525px; height: 13px;\" align=\"center\">&nbsp;<\/td>\n<td style=\"border: 1px solid #000000; width: 306.333px; height: 13px;\" align=\"center\">&nbsp;<\/td>\n<\/tr>\n<tr style=\"height: 19px;\">\n<td style=\"border: 1px solid #000000; width: 332px; height: 19px;\" align=\"left\"><span style=\"color: #000000; font-family: Arial;\">ARROYO CUFRE<\/span><\/td>\n<td style=\"border: 1px solid #000000; width: 10px; height: 19px;\" align=\"center\">ABIERTO<\/td>\n<td style=\"border: 1px solid #000000; width: 525px; height: 19px;\" align=\"center\">&nbsp;<\/td>\n<td style=\"border: 1px solid #000000; width: 306.333px; height: 19px;\" align=\"center\">&nbsp;<\/td>\n<\/tr>\n<tr style=\"height: 26px;\">\n<td style=\"border: 1px solid #000000; width: 332px; height: 26px;\" align=\"left\"><span style=\"color: #000000; font-family: Arial;\">RIO ROSARIO<\/span><\/td>\n<td style=\"border: 1px solid #000000; width: 10px; height: 26px;\" align=\"center\">ABIERTO<\/td>\n<td style=\"border: 1px solid #000000; width: 525px; height: 26px;\" align=\"center\">&nbsp;<\/td>\n<td style=\"border: 1px solid #000000; width: 306.333px; height: 26px;\" align=\"center\">&nbsp;<\/td>\n<\/tr>\n<tr style=\"height: 16px;\">\n<td style=\"border: 1px solid #000000; width: 332px; height: 16px;\" align=\"left\"><span style=\"color: #000000; font-family: Arial;\">MONTEVIDEO<\/span><\/td>\n<td style=\"border: 1px solid #000000; width: 10px; height: 16px;\" align=\"center\">ABIERTO<\/td>\n<td style=\"border: 1px solid #000000; width: 525px; height: 16px;\" align=\"center\">&nbsp;<\/td>\n<td style=\"border: 1px solid #000000; width: 306.333px; height: 16px;\" align=\"center\">&nbsp;<\/td>\n<\/tr>\n<tr style=\"height: 31.3167px;\">\n<td style=\"border: 1px solid #000000; width: 332px; height: 31.3167px;\" align=\"left\"><span style=\"color: #000000; font-family: Arial;\">SANTIAGO V\u00c1ZQUEZ<\/span><\/td>\n<td style=\"border: 1px solid #000000; width: 10px; height: 31.3167px;\" align=\"center\">ABIERTO<\/td>\n<td style=\"border: 1px solid #000000; width: 525px; height: 31.3167px;\" align=\"center\">&nbsp;<\/td>\n<td style=\"border: 1px solid #000000; width: 306.333px; height: 31.3167px;\" align=\"center\">&nbsp;<\/td>\n<\/tr>\n<tr style=\"height: 20px;\">\n<td style=\"border: 1px solid #000000; width: 332px; height: 20px;\" align=\"left\">BUCEO<\/td>\n<td style=\"border: 1px solid #000000; width: 10px; height: 20px;\" align=\"center\">ABIERTO<\/td>\n<td style=\"border: 1px solid #000000; width: 525px; height: 20px;\" align=\"center\">&nbsp;<\/td>\n<td style=\"border: 1px solid #000000; width: 306.333px; height: 20px;\" align=\"center\">&nbsp;<\/td>\n<\/tr>\n<tr style=\"height: 25px;\">\n<td style=\"border: 1px solid #000000; width: 332px; height: 25px;\" align=\"left\"><span style=\"font-family: Arial;\">PIRI\u00c1POLIS<\/span><\/td>\n<td style=\"border: 1px solid #000000; width: 10px; height: 25px;\" align=\"center\">ABIERTO<\/td>\n<td style=\"border: 1px solid #000000; width: 525px; height: 25px;\" align=\"center\"><br><\/td>\n<td style=\"border: 1px solid #000000; width: 306.333px; height: 25px;\" align=\"center\"><br><\/td>\n<\/tr>\n<tr style=\"height: 2px;\">\n<td style=\"border: 1px solid #000000; width: 332px; height: 2px;\" align=\"left\"><span style=\"color: #000000; font-family: Arial;\"> PUNTA DEL ESTE <\/span><\/td>\n<td style=\"border: 1px solid #000000; width: 10px; height: 2px;\" align=\"center\">ABIERTO<\/td>\n<td style=\"border: 1px solid #000000; width: 525px; height: 2px;\" align=\"center\"><br><\/td>\n<td style=\"border: 1px solid #000000; width: 306.333px; height: 2px;\" align=\"center\">011250P MAY 26<\/td>\n<\/tr>\n<tr style=\"height: 8px;\">\n<td style=\"border: 1px solid #000000; width: 332px; height: 8px;\" align=\"left\">LA PALOMA<\/td>\n<td style=\"border: 1px solid #000000; width: 10px; height: 8px;\" align=\"center\">ABIERTO<\/td>\n<td style=\"border: 1px solid #000000; width: 525px; height: 8px;\" align=\"center\">&nbsp;<\/td>\n<td style=\"border: 1px solid #000000; width: 306.333px; height: 8px;\" align=\"center\">&nbsp;<\/td>\n<\/tr>\n<tr style=\"height: 15px;\">\n<td style=\"border: 1px solid #000000; width: 332px; height: 15px;\" align=\"left\"><span style=\"color: #000000; font-family: Arial;\">MERCEDES<\/span><\/td>\n<td style=\"border: 1px solid #000000; width: 10px; height: 15px;\" align=\"center\"><span style=\"color: #000000; font-family: Arial;\">ABIERTO<\/span><\/td>\n<td style=\"border: 1px solid #000000; width: 525px; height: 15px;\" align=\"center\">&nbsp;<\/td>\n<td style=\"border: 1px solid #000000; width: 306.333px; height: 15px;\" align=\"center\">&nbsp;<\/td>\n<\/tr>\n<tr style=\"height: 18px;\">\n<td style=\"border: 1px solid #000000; width: 332px; height: 18px;\" align=\"left\"><span style=\"color: #000000; font-family: Arial;\">VILLA SORIANO<\/span><\/td>\n<td style=\"border: 1px solid #000000; width: 10px; height: 18px;\" align=\"center\"><span style=\"color: #000000; font-family: Arial;\">ABIERTO<\/span><\/td>\n<td style=\"border: 1px solid #000000; width: 525px; height: 18px;\" align=\"center\">&nbsp;<\/td>\n<td style=\"border: 1px solid #000000; width: 306.333px; height: 18px;\" align=\"center\">&nbsp;<\/td>\n<\/tr>\n<tr style=\"height: 6px;\">\n<td style=\"border: 1px solid #000000; width: 332px; height: 6px;\" align=\"left\">JOSE IGNACIO<\/td>\n<td style=\"border: 1px solid #000000; width: 10px; height: 6px;\" align=\"center\">ABIERTO<\/td>\n<td style=\"border: 1px solid #000000; width: 525px; height: 6px;\" align=\"center\"><br><\/td>\n<td style=\"border: 1px solid #000000; width: 306.333px; height: 6px;\" align=\"center\"><br><\/td>\n<\/tr>\n<tr style=\"height: 3px;\">\n<td style=\"border: 1px solid #000000; width: 332px; height: 3px;\" align=\"left\"><span style=\"color: #000000; font-family: Arial;\">SAUCE<\/span><\/td>\n<td style=\"border: 1px solid #000000; width: 10px; height: 3px;\" align=\"center\">ABIERTO<\/td>\n<td style=\"border: 1px solid #000000; width: 525px; height: 3px;\" align=\"center\">&nbsp;<\/td>\n<td style=\"border: 1px solid #000000; width: 306.333px; height: 3px;\" align=\"center\">&nbsp;<\/td>\n<\/tr>\n<tr style=\"height: 6px;\">\n<td style=\"border: 1px solid #000000; width: 332px; height: 6px;\" align=\"left\">PLATERO<\/td>\n<td style=\"border: 1px solid #000000; width: 10px; height: 6px;\" align=\"center\">ABIERTO<\/td>\n<td style=\"border: 1px solid #000000; width: 525px; height: 6px;\" align=\"center\">&nbsp;<\/td>\n<td style=\"border: 1px solid #000000; width: 306.333px; height: 6px;\" align=\"center\">&nbsp;<\/td>\n<\/tr>\n<\/tbody>\n<\/table>\t\t\t\t\t\t<\/div>\n\t\t\t\t<\/div>\n\t\t\t\t\t<\/div>\n\t\t<\/div>\n\t\t\t\t\t<\/div>\n\t\t<\/section>\n\t\t\t\t<\/div>\n\t\t","protected":false},"excerpt":{"rendered":"<p>DIMAR &#8211; Situaci\u00f3n de Puertos PUERTO SITUACI\u00d3N OBS GFH SALTO ABIERTO &nbsp; &nbsp; PAYSAND\u00da ABIERTO &nbsp; &nbsp; BELLA UNI\u00d3N ABIERTO &nbsp; &nbsp; FRAY BENTOS ABIERTO &nbsp; &nbsp; DEP FRAY BENTOS ABIERTO &nbsp; &nbsp; DEP NUEVO BERL\u00cdN ABIERTO &nbsp; &nbsp; DEP SAN JAVIER ABIERTO &nbsp; &nbsp; LAS CA\u00d1AS ABIERTO &nbsp; &nbsp; NUEVA PALMIRA ABIERTO &nbsp; &nbsp; [&hellip;]<\/p>\n","protected":false},"author":1,"featured_media":5636,"parent":0,"menu_order":0,"comment_status":"closed","ping_status":"closed","template":"elementor_header_footer","meta":{"footnotes":""},"folder":[],"class_list":["post-6771","page","type-page","status-publish","has-post-thumbnail","hentry"],"aioseo_notices":[],"_links":{"self":[{"href":"https:\/\/www.armada.mil.uy\/index.php?rest_route=\/wp\/v2\/pages\/6771","targetHints":{"allow":["GET"]}}],"collection":[{"href":"https:\/\/www.armada.mil.uy\/index.php?rest_route=\/wp\/v2\/pages"}],"about":[{"href":"https:\/\/www.armada.mil.uy\/index.php?rest_route=\/wp\/v2\/types\/page"}],"author":[{"embeddable":true,"href":"https:\/\/www.armada.mil.uy\/index.php?rest_route=\/wp\/v2\/users\/1"}],"replies":[{"embeddable":true,"href":"https:\/\/www.armada.mil.uy\/index.php?rest_route=%2Fwp%2Fv2%2Fcomments&post=6771"}],"version-history":[{"count":1093,"href":"https:\/\/www.armada.mil.uy\/index.php?rest_route=\/wp\/v2\/pages\/6771\/revisions"}],"predecessor-version":[{"id":8805,"href":"https:\/\/www.armada.mil.uy\/index.php?rest_route=\/wp\/v2\/pages\/6771\/revisions\/8805"}],"wp:featuredmedia":[{"embeddable":true,"href":"https:\/\/www.armada.mil.uy\/index.php?rest_route=\/wp\/v2\/media\/5636"}],"wp:attachment":[{"href":"https:\/\/www.armada.mil.uy\/index.php?rest_route=%2Fwp%2Fv2%2Fmedia&parent=6771"}],"wp:term":[{"taxonomy":"folder","embeddable":true,"href":"https:\/\/www.armada.mil.uy\/index.php?rest_route=%2Fwp%2Fv2%2Ffolder&post=6771"}],"curies":[{"name":"wp","href":"https:\/\/api.w.org\/{rel}","templated":true}]}}